{"id":846,"date":"2023-09-26T15:51:25","date_gmt":"2023-09-26T13:51:25","guid":{"rendered":"https:\/\/invindia.fr\/nos-domaines\/"},"modified":"2024-10-22T15:05:44","modified_gmt":"2024-10-22T13:05:44","slug":"nos-domaines-bordelais-vignobles-invindia","status":"publish","type":"page","link":"https:\/\/invindia.fr\/en\/nos-domaines-bordelais-vignobles-invindia\/","title":{"rendered":"Our estates"},"content":{"rendered":"\n<div class=\"wp-block-columns is-layout-flex wp-container-core-columns-is-layout-28f84493 wp-block-columns-is-layout-flex\">\n<div class=\"wp-block-column is-layout-flow wp-block-column-is-layout-flow\"><section class=\"block-it-wrapper block\">\n\t<div class=\"align\">\n\t\t<div\n\t\t\tclass=\"row d-flex x-y-center row-reverse\">\n\t\t\t\t\t\t<div class=\"col-md-4 col-xl-4 col-lg-6 col-xl-6 col-sm-12 d-flex x-y-center flex-column\">\n\t\t\t\t<div class=\"it-img\">\n\t\t\t\t\t<img decoding=\"async\" src=\"https:\/\/invindia.fr\/wp-content\/uploads\/2023\/12\/INVIDIA_CARTE_3.png\" alt=\"\">\n\t\t\t\t<\/div>\n\t\t\t\t\t\t\t<\/div>\n\t\t\t\t\t\t<div class=\"col-md-8 col-lg-6 col-xl-6 col-sm-12 it-txt\">\n\t\t\t\t\t\t\t\t\t<span class=\"it-title text-uppercase\">Our estates,<br> terroirs and people<\/span>\n\t\t\t\t\t\t\t\t<p class=\"it-desc\"><p>Our six estates each have their own distinct characteristics and identity. We are located in three different appellations: Saint-\u00c9milion, Fronsac, and Entre-deux-Mers. Although geographically close, we take a different approach for each of these estates to cultivate their uniqueness.<\/p>\n<\/p>\n\t\t\t<\/div>\n\n\t\t<\/div>\n\t<\/div>\n<\/section>\n<\/div>\n<\/div>\n\n\n\n<div style=\"height:100px\" aria-hidden=\"true\" class=\"wp-block-spacer w-100\"><\/div>\n\n\n\n<h2 class=\"wp-block-heading has-noir-color has-text-color\">Nos domaines<\/h2>\n\n\n<div class=\"block block-domains container-fluid\">\n\t<div>\n\t\t<div class=\"row domains-wrapper \">\n\t\t\t\t\t\t\t\t\t\t\t\t<div class=\"domain-item\" style=\"background-image:url(https:\/\/invindia.fr\/wp-content\/uploads\/2023\/11\/image_invindia-152.jpg)\">\n\t\t\t\t\t\t<div class=\"overlay-70\"><\/div>\n\t\t\t\t\t\t<a href=\"https:\/\/invindia.fr\/en\/domaines\/chateau-haut-meyreau\/\" class=\"overlay-link\"><\/a>\n\t\t\t\t\t\t<div class=\"d-flex x-y-center flex-column\">\n\t\t\t\t\t\t\t<img decoding=\"async\" src=\"https:\/\/invindia.fr\/wp-content\/uploads\/2023\/09\/invindia-haut-meyrau.svg\" alt=\"Invindia - Nos domaines\" title=\"invindia-haut-meyrau\">\n\t\t\t\t\t\t\t<p class=\"text-white\">Entre-deux-Mers \/ Bordeaux<\/p>\n\t\t\t\t\t\t\t<a href=\"https:\/\/invindia.fr\/en\/domaines\/chateau-haut-meyreau\/\" class=\"domain-more more\"><\/a>\n\t\t\t\t\t\t<\/div>\n\t\t\t\t\t<\/div>\n\t\t\t\t\t\t\t\t\t<div class=\"domain-item\" style=\"background-image:url(https:\/\/invindia.fr\/wp-content\/uploads\/2023\/11\/image_invindia-526.jpg)\">\n\t\t\t\t\t\t<div class=\"overlay-70\"><\/div>\n\t\t\t\t\t\t<a href=\"https:\/\/invindia.fr\/en\/domaines\/chateau-le-conte\/\" class=\"overlay-link\"><\/a>\n\t\t\t\t\t\t<div class=\"d-flex x-y-center flex-column\">\n\t\t\t\t\t\t\t<img decoding=\"async\" src=\"https:\/\/invindia.fr\/wp-content\/uploads\/2023\/09\/invindia-le-conte.svg\" alt=\"Invindia - Chateau Le conte\" title=\"invindia-le-conte\">\n\t\t\t\t\t\t\t<p class=\"text-white\">Saint-\u00c9milion Grand Cru<\/p>\n\t\t\t\t\t\t\t<a href=\"https:\/\/invindia.fr\/en\/domaines\/chateau-le-conte\/\" class=\"domain-more more\"><\/a>\n\t\t\t\t\t\t<\/div>\n\t\t\t\t\t<\/div>\n\t\t\t\t\t\t\t\t\t<div class=\"domain-item\" style=\"background-image:url(https:\/\/invindia.fr\/wp-content\/uploads\/2023\/11\/image_invindia-259-1.jpg)\">\n\t\t\t\t\t\t<div class=\"overlay-70\"><\/div>\n\t\t\t\t\t\t<a href=\"https:\/\/invindia.fr\/en\/?post_type=domain&#038;p=2609\" class=\"overlay-link\"><\/a>\n\t\t\t\t\t\t<div class=\"d-flex x-y-center flex-column\">\n\t\t\t\t\t\t\t<img decoding=\"async\" src=\"https:\/\/invindia.fr\/wp-content\/uploads\/2023\/09\/invindia-vieille-croix.svg\" alt=\"Invindia - Chateau Vieille Croix\" title=\"invindia-vieille-croix\">\n\t\t\t\t\t\t\t<p class=\"text-white\">Fronsac<\/p>\n\t\t\t\t\t\t\t<a href=\"https:\/\/invindia.fr\/en\/?post_type=domain&#038;p=2609\" class=\"domain-more more\"><\/a>\n\t\t\t\t\t\t<\/div>\n\t\t\t\t\t<\/div>\n\t\t\t\t\t\t\t\t\t<div class=\"domain-item\" style=\"background-image:url(https:\/\/invindia.fr\/wp-content\/uploads\/2023\/11\/image_invindia-57.jpg)\">\n\t\t\t\t\t\t<div class=\"overlay-70\"><\/div>\n\t\t\t\t\t\t<a href=\"https:\/\/invindia.fr\/domaines\/chateau-bellevue-malartic-bordeaux\/\" class=\"overlay-link\"><\/a>\n\t\t\t\t\t\t<div class=\"d-flex x-y-center flex-column\">\n\t\t\t\t\t\t\t<img decoding=\"async\" src=\"https:\/\/invindia.fr\/wp-content\/uploads\/2023\/09\/invindia-bellevue.svg\" alt=\"Invindia - Chateau Bellevue\" title=\"invindia-bellevue\">\n\t\t\t\t\t\t\t<p class=\"text-white\">Entre-deux-Mers \/ Bordeaux<\/p>\n\t\t\t\t\t\t\t<a href=\"https:\/\/invindia.fr\/domaines\/chateau-bellevue-malartic-bordeaux\/\" class=\"domain-more more\"><\/a>\n\t\t\t\t\t\t<\/div>\n\t\t\t\t\t<\/div>\n\t\t\t\t\t\t\t\t\t<div class=\"domain-item\" style=\"background-image:url(https:\/\/invindia.fr\/wp-content\/uploads\/2023\/11\/image_invindia-292.jpg)\">\n\t\t\t\t\t\t<div class=\"overlay-70\"><\/div>\n\t\t\t\t\t\t<a href=\"https:\/\/invindia.fr\/domaines\/chateau-touzinat-saint-emilion\/\" class=\"overlay-link\"><\/a>\n\t\t\t\t\t\t<div class=\"d-flex x-y-center flex-column\">\n\t\t\t\t\t\t\t<img decoding=\"async\" src=\"https:\/\/invindia.fr\/wp-content\/uploads\/2023\/09\/invindia-touzinat.svg\" alt=\"Invindia - Chateau Touzinat\" title=\"invindia-touzinat\">\n\t\t\t\t\t\t\t<p class=\"text-white\">Saint-\u00c9milion Grand Cru<\/p>\n\t\t\t\t\t\t\t<a href=\"https:\/\/invindia.fr\/domaines\/chateau-touzinat-saint-emilion\/\" class=\"domain-more more\"><\/a>\n\t\t\t\t\t\t<\/div>\n\t\t\t\t\t<\/div>\n\t\t\t\t\t\t\t\t\t<div class=\"domain-item\" style=\"background-image:url(https:\/\/invindia.fr\/wp-content\/uploads\/2023\/11\/image_invindia-165.jpg)\">\n\t\t\t\t\t\t<div class=\"overlay-70\"><\/div>\n\t\t\t\t\t\t<a href=\"https:\/\/invindia.fr\/en\/?post_type=domain&#038;p=2510\" class=\"overlay-link\"><\/a>\n\t\t\t\t\t\t<div class=\"d-flex x-y-center flex-column\">\n\t\t\t\t\t\t\t<img decoding=\"async\" src=\"https:\/\/invindia.fr\/wp-content\/uploads\/2023\/09\/invindia-aurore.svg\" alt=\"Invindia - Chateau Aurore\" title=\"invindia-aurore\">\n\t\t\t\t\t\t\t<p class=\"text-white\">Entre-deux-Mers \/ Bordeaux<\/p>\n\t\t\t\t\t\t\t<a href=\"https:\/\/invindia.fr\/en\/?post_type=domain&#038;p=2510\" class=\"domain-more more\"><\/a>\n\t\t\t\t\t\t<\/div>\n\t\t\t\t\t<\/div>\n\t\t\t\t\t\t\t\t\t<\/div>\n\t<\/div>\n\n<\/div>\n\n\n\n<div style=\"height:100px\" aria-hidden=\"true\" class=\"wp-block-spacer\"><\/div>\n\n\n\n<div class=\"wp-block-columns alignfull is-layout-flex wp-container-core-columns-is-layout-28f84493 wp-block-columns-is-layout-flex\">\n<div class=\"wp-block-column is-layout-flow wp-block-column-is-layout-flow\"><div class=\"block block-usp container-fluid\">\n\t<div class=\"inner\">\n\t\t<div class=\"row d-flex space-between y-center\">\n\t\t\t<div class=\"d-flex flex-column\">\n\t\t\t\t<h2>Wines<\/h2>\n\t\t\t\t\t\t\t\t\t<div class=\"next-wrapper d-flex x-y-center flex-row\">\n\t\t\t\t\t\t\t\t\t\t\t\t\t<a class=\"text-uppercase text-right  usp-link\" href=\"https:\/\/invindia.fr\/en\/nos-vins-vignobles-invindia\/\">Discover\n\t\t\t\t\t\t\t\t<a href=\"https:\/\/invindia.fr\/en\/nos-vins-vignobles-invindia\/\" class=\"btn-next\">\n\t\t\t\t\t\t\t\t\t<div class=\"toright\"><\/div>\n\t\t\t\t\t\t\t\t<\/a>\n\t\t\t\t\t\t\t<\/a>\n\t\t\t\t\t\t\t\t\t\t\t<\/div>\n\t\t\t\t\t\t\t<\/div>\n\t\t\t<div class=\"usp-wrapper d-flex flex-row\">\n\t\t\t\t\t\t\t\t\t<div class=\"usp-item d-flex x-y-center flex-column\">\n\t\t\t\t\t\t<img decoding=\"async\" src=\"https:\/\/invindia.fr\/wp-content\/uploads\/2023\/09\/invindia-equitables.svg\" alt=\"Invindia - \u00c9quitable\" title=\"invindia-equitables\">\n\t\t\t\t\t\t<span class=\"text-uppercase text-white\">Generous<\/span>\n\t\t\t\t\t<\/div>\n\t\t\t\t\t\t\t\t\t<div class=\"usp-item d-flex x-y-center flex-column\">\n\t\t\t\t\t\t<img decoding=\"async\" src=\"https:\/\/invindia.fr\/wp-content\/uploads\/2023\/09\/invindia-ethique.svg\" alt=\"Invindia - \u00c9thique\" title=\"invindia-ethique\">\n\t\t\t\t\t\t<span class=\"text-uppercase text-white\">Ethical<\/span>\n\t\t\t\t\t<\/div>\n\t\t\t\t\t\t\t\t\t<div class=\"usp-item d-flex x-y-center flex-column\">\n\t\t\t\t\t\t<img decoding=\"async\" src=\"https:\/\/invindia.fr\/wp-content\/uploads\/2023\/09\/invindia-ennages.svg\" alt=\"Invindia - Engag\u00e9s\" title=\"invindia-ennages\">\n\t\t\t\t\t\t<span class=\"text-uppercase text-white\">For everyone<\/span>\n\t\t\t\t\t<\/div>\n\t\t\t\t\t\t\t<\/div>\n\t\t<\/div>\n\t<\/div>\n<\/div>\n<\/div>\n<\/div>\n\n\n\n<div class=\"wp-block-columns alignfull is-layout-flex wp-container-core-columns-is-layout-28f84493 wp-block-columns-is-layout-flex\">\n<div class=\"wp-block-column is-layout-flow wp-block-column-is-layout-flow\"><div class=\"block block-mosaic container-fluid\">\n\t<div class=\"mosaic-1 d-flex y-center\" style=\"background-image: url(https:\/\/invindia.fr\/wp-content\/uploads\/2023\/09\/invindia-experience-1.jpg)\">\n\t\t<div class=\"overlay-30 overlay\"><\/div>\n\t\t<div class=\"mosaic-content inner\">\n\t\t\t\t\t\t\t<h2>Live the experience<br>Invindia<\/h2>\n\t\t\t\t\t\t\t\t\t\t<div class=\"d-flex\">\n\t\t\t\t\t<div class=\"next-wrapper d-flex x-y-center flex-row\">\n\t\t\t\t\t\t<a class=\"text-uppercase text-right experience-link link\" href=\"https:\/\/invindia.fr\/en\/lexperience\/\">Wine tourism<\/a>\n\t\t\t\t\t\t<a href=\"\" class=\" btn-next\">\n\t\t\t\t\t\t\t<div class=\"toright\"><\/div>\n\t\t\t\t\t\t<\/a>\n\t\t\t\t\t<\/div>\n\t\t\t\t<\/div>\n\t\t\t\n\t\t<\/div>\n\t<\/div>\n\t<div class=\"mosaic-2\" style=\"background-image: url(https:\/\/invindia.fr\/wp-content\/uploads\/2023\/09\/invindia-experience-2.jpg)\">\n\t\t<div class=\"overlay-30 overlay\"><\/div>\n\t<\/div>\n\t<div class=\"mosaic-3\" style=\"background-image: url(https:\/\/invindia.fr\/wp-content\/uploads\/2023\/09\/image_invindia-120-scaled-e1700516672764.jpg)\">\n\t\t<div class=\"overlay-30 overlay\"><\/div>\n\t<\/div>\n<\/div>\n<\/div>\n<\/div>\n","protected":false},"excerpt":{"rendered":"<p>Nos domaines<\/p>\n","protected":false},"author":2,"featured_media":2147,"parent":0,"menu_order":0,"comment_status":"closed","ping_status":"closed","template":"","meta":{"_acf_changed":false,"footnotes":""},"class_list":["post-846","page","type-page","status-publish","has-post-thumbnail","hentry"],"acf":[],"yoast_head":"<!-- This site is optimized with the Yoast SEO plugin v27.5 - https:\/\/yoast.com\/product\/yoast-seo-wordpress\/ -->\n<title>Our estates Bordelais - Invindia<\/title>\n<meta name=\"description\" content=\"Les Vignobles Invindia sont compos\u00e9s de 6 domaines bordelais dans l&#039;Entre-deux-Mers, Saint-\u00c9milion et \u00e0 Fronsac.\" \/>\n<meta name=\"robots\" content=\"index, follow, max-snippet:-1, max-image-preview:large, max-video-preview:-1\" \/>\n<link rel=\"canonical\" href=\"https:\/\/invindia.fr\/en\/nos-domaines-bordelais-vignobles-invindia\/\" \/>\n<meta property=\"og:locale\" content=\"en_US\" \/>\n<meta property=\"og:type\" content=\"article\" \/>\n<meta property=\"og:title\" content=\"Our estates Bordelais - Invindia\" \/>\n<meta property=\"og:description\" content=\"Les Vignobles Invindia sont compos\u00e9s de 6 domaines bordelais dans l&#039;Entre-deux-Mers, Saint-\u00c9milion et \u00e0 Fronsac.\" \/>\n<meta property=\"og:url\" content=\"https:\/\/invindia.fr\/en\/nos-domaines-bordelais-vignobles-invindia\/\" \/>\n<meta property=\"og:site_name\" content=\"Invindia\" \/>\n<meta property=\"article:publisher\" content=\"https:\/\/www.facebook.com\/VignoblesInvindia\/?locale=fr_FR\" \/>\n<meta property=\"article:modified_time\" content=\"2024-10-22T13:05:44+00:00\" \/>\n<meta property=\"og:image\" content=\"https:\/\/invindia.fr\/wp-content\/uploads\/2023\/12\/image_invindia-277-scaled-e1701941536651.jpg\" \/>\n\t<meta property=\"og:image:width\" content=\"2560\" \/>\n\t<meta property=\"og:image:height\" content=\"1707\" \/>\n\t<meta property=\"og:image:type\" content=\"image\/jpeg\" \/>\n<meta name=\"twitter:card\" content=\"summary_large_image\" \/>\n<meta name=\"twitter:label1\" content=\"Est. reading time\" \/>\n\t<meta name=\"twitter:data1\" content=\"5 minutes\" \/>\n<script type=\"application\/ld+json\" class=\"yoast-schema-graph\">{\"@context\":\"https:\\\/\\\/schema.org\",\"@graph\":[{\"@type\":\"WebPage\",\"@id\":\"https:\\\/\\\/invindia.fr\\\/en\\\/nos-domaines-bordelais-vignobles-invindia\\\/\",\"url\":\"https:\\\/\\\/invindia.fr\\\/en\\\/nos-domaines-bordelais-vignobles-invindia\\\/\",\"name\":\"Our estates Bordelais - Invindia\",\"isPartOf\":{\"@id\":\"https:\\\/\\\/invindia.fr\\\/en\\\/#website\"},\"primaryImageOfPage\":{\"@id\":\"https:\\\/\\\/invindia.fr\\\/en\\\/nos-domaines-bordelais-vignobles-invindia\\\/#primaryimage\"},\"image\":{\"@id\":\"https:\\\/\\\/invindia.fr\\\/en\\\/nos-domaines-bordelais-vignobles-invindia\\\/#primaryimage\"},\"thumbnailUrl\":\"https:\\\/\\\/invindia.fr\\\/wp-content\\\/uploads\\\/2023\\\/12\\\/image_invindia-277-scaled-e1701941536651.jpg\",\"datePublished\":\"2023-09-26T13:51:25+00:00\",\"dateModified\":\"2024-10-22T13:05:44+00:00\",\"description\":\"Les Vignobles Invindia sont compos\u00e9s de 6 domaines bordelais dans l'Entre-deux-Mers, Saint-\u00c9milion et \u00e0 Fronsac.\",\"breadcrumb\":{\"@id\":\"https:\\\/\\\/invindia.fr\\\/en\\\/nos-domaines-bordelais-vignobles-invindia\\\/#breadcrumb\"},\"inLanguage\":\"en-US\",\"potentialAction\":[{\"@type\":\"ReadAction\",\"target\":[\"https:\\\/\\\/invindia.fr\\\/en\\\/nos-domaines-bordelais-vignobles-invindia\\\/\"]}]},{\"@type\":\"ImageObject\",\"inLanguage\":\"en-US\",\"@id\":\"https:\\\/\\\/invindia.fr\\\/en\\\/nos-domaines-bordelais-vignobles-invindia\\\/#primaryimage\",\"url\":\"https:\\\/\\\/invindia.fr\\\/wp-content\\\/uploads\\\/2023\\\/12\\\/image_invindia-277-scaled-e1701941536651.jpg\",\"contentUrl\":\"https:\\\/\\\/invindia.fr\\\/wp-content\\\/uploads\\\/2023\\\/12\\\/image_invindia-277-scaled-e1701941536651.jpg\",\"width\":2560,\"height\":1707},{\"@type\":\"BreadcrumbList\",\"@id\":\"https:\\\/\\\/invindia.fr\\\/en\\\/nos-domaines-bordelais-vignobles-invindia\\\/#breadcrumb\",\"itemListElement\":[{\"@type\":\"ListItem\",\"position\":1,\"name\":\"Accueil\",\"item\":\"https:\\\/\\\/invindia.fr\\\/en\\\/\"},{\"@type\":\"ListItem\",\"position\":2,\"name\":\"Our estates\"}]},{\"@type\":\"WebSite\",\"@id\":\"https:\\\/\\\/invindia.fr\\\/en\\\/#website\",\"url\":\"https:\\\/\\\/invindia.fr\\\/en\\\/\",\"name\":\"Invindia\",\"description\":\"Vignerons bordelais et cr\u00e9ateurs de moments de partage\",\"publisher\":{\"@id\":\"https:\\\/\\\/invindia.fr\\\/en\\\/#organization\"},\"potentialAction\":[{\"@type\":\"SearchAction\",\"target\":{\"@type\":\"EntryPoint\",\"urlTemplate\":\"https:\\\/\\\/invindia.fr\\\/en\\\/?s={search_term_string}\"},\"query-input\":{\"@type\":\"PropertyValueSpecification\",\"valueRequired\":true,\"valueName\":\"search_term_string\"}}],\"inLanguage\":\"en-US\"},{\"@type\":\"Organization\",\"@id\":\"https:\\\/\\\/invindia.fr\\\/en\\\/#organization\",\"name\":\"Vignoble Invindia\",\"alternateName\":\"Invindia\",\"url\":\"https:\\\/\\\/invindia.fr\\\/en\\\/\",\"logo\":{\"@type\":\"ImageObject\",\"inLanguage\":\"en-US\",\"@id\":\"https:\\\/\\\/invindia.fr\\\/en\\\/#\\\/schema\\\/logo\\\/image\\\/\",\"url\":\"https:\\\/\\\/invindia.fr\\\/wp-content\\\/uploads\\\/2023\\\/09\\\/INVIDIA_LOGO2023.png\",\"contentUrl\":\"https:\\\/\\\/invindia.fr\\\/wp-content\\\/uploads\\\/2023\\\/09\\\/INVIDIA_LOGO2023.png\",\"width\":299,\"height\":150,\"caption\":\"Vignoble Invindia\"},\"image\":{\"@id\":\"https:\\\/\\\/invindia.fr\\\/en\\\/#\\\/schema\\\/logo\\\/image\\\/\"},\"sameAs\":[\"https:\\\/\\\/www.facebook.com\\\/VignoblesInvindia\\\/?locale=fr_FR\"]}]}<\/script>\n<!-- \/ Yoast SEO plugin. -->","yoast_head_json":{"title":"Our estates Bordelais - Invindia","description":"Les Vignobles Invindia sont compos\u00e9s de 6 domaines bordelais dans l'Entre-deux-Mers, Saint-\u00c9milion et \u00e0 Fronsac.","robots":{"index":"index","follow":"follow","max-snippet":"max-snippet:-1","max-image-preview":"max-image-preview:large","max-video-preview":"max-video-preview:-1"},"canonical":"https:\/\/invindia.fr\/en\/nos-domaines-bordelais-vignobles-invindia\/","og_locale":"en_US","og_type":"article","og_title":"Our estates Bordelais - Invindia","og_description":"Les Vignobles Invindia sont compos\u00e9s de 6 domaines bordelais dans l'Entre-deux-Mers, Saint-\u00c9milion et \u00e0 Fronsac.","og_url":"https:\/\/invindia.fr\/en\/nos-domaines-bordelais-vignobles-invindia\/","og_site_name":"Invindia","article_publisher":"https:\/\/www.facebook.com\/VignoblesInvindia\/?locale=fr_FR","article_modified_time":"2024-10-22T13:05:44+00:00","og_image":[{"width":2560,"height":1707,"url":"https:\/\/invindia.fr\/wp-content\/uploads\/2023\/12\/image_invindia-277-scaled-e1701941536651.jpg","type":"image\/jpeg"}],"twitter_card":"summary_large_image","twitter_misc":{"Est. reading time":"5 minutes"},"schema":{"@context":"https:\/\/schema.org","@graph":[{"@type":"WebPage","@id":"https:\/\/invindia.fr\/en\/nos-domaines-bordelais-vignobles-invindia\/","url":"https:\/\/invindia.fr\/en\/nos-domaines-bordelais-vignobles-invindia\/","name":"Our estates Bordelais - Invindia","isPartOf":{"@id":"https:\/\/invindia.fr\/en\/#website"},"primaryImageOfPage":{"@id":"https:\/\/invindia.fr\/en\/nos-domaines-bordelais-vignobles-invindia\/#primaryimage"},"image":{"@id":"https:\/\/invindia.fr\/en\/nos-domaines-bordelais-vignobles-invindia\/#primaryimage"},"thumbnailUrl":"https:\/\/invindia.fr\/wp-content\/uploads\/2023\/12\/image_invindia-277-scaled-e1701941536651.jpg","datePublished":"2023-09-26T13:51:25+00:00","dateModified":"2024-10-22T13:05:44+00:00","description":"Les Vignobles Invindia sont compos\u00e9s de 6 domaines bordelais dans l'Entre-deux-Mers, Saint-\u00c9milion et \u00e0 Fronsac.","breadcrumb":{"@id":"https:\/\/invindia.fr\/en\/nos-domaines-bordelais-vignobles-invindia\/#breadcrumb"},"inLanguage":"en-US","potentialAction":[{"@type":"ReadAction","target":["https:\/\/invindia.fr\/en\/nos-domaines-bordelais-vignobles-invindia\/"]}]},{"@type":"ImageObject","inLanguage":"en-US","@id":"https:\/\/invindia.fr\/en\/nos-domaines-bordelais-vignobles-invindia\/#primaryimage","url":"https:\/\/invindia.fr\/wp-content\/uploads\/2023\/12\/image_invindia-277-scaled-e1701941536651.jpg","contentUrl":"https:\/\/invindia.fr\/wp-content\/uploads\/2023\/12\/image_invindia-277-scaled-e1701941536651.jpg","width":2560,"height":1707},{"@type":"BreadcrumbList","@id":"https:\/\/invindia.fr\/en\/nos-domaines-bordelais-vignobles-invindia\/#breadcrumb","itemListElement":[{"@type":"ListItem","position":1,"name":"Accueil","item":"https:\/\/invindia.fr\/en\/"},{"@type":"ListItem","position":2,"name":"Our estates"}]},{"@type":"WebSite","@id":"https:\/\/invindia.fr\/en\/#website","url":"https:\/\/invindia.fr\/en\/","name":"Invindia","description":"Vignerons bordelais et cr\u00e9ateurs de moments de partage","publisher":{"@id":"https:\/\/invindia.fr\/en\/#organization"},"potentialAction":[{"@type":"SearchAction","target":{"@type":"EntryPoint","urlTemplate":"https:\/\/invindia.fr\/en\/?s={search_term_string}"},"query-input":{"@type":"PropertyValueSpecification","valueRequired":true,"valueName":"search_term_string"}}],"inLanguage":"en-US"},{"@type":"Organization","@id":"https:\/\/invindia.fr\/en\/#organization","name":"Vignoble Invindia","alternateName":"Invindia","url":"https:\/\/invindia.fr\/en\/","logo":{"@type":"ImageObject","inLanguage":"en-US","@id":"https:\/\/invindia.fr\/en\/#\/schema\/logo\/image\/","url":"https:\/\/invindia.fr\/wp-content\/uploads\/2023\/09\/INVIDIA_LOGO2023.png","contentUrl":"https:\/\/invindia.fr\/wp-content\/uploads\/2023\/09\/INVIDIA_LOGO2023.png","width":299,"height":150,"caption":"Vignoble Invindia"},"image":{"@id":"https:\/\/invindia.fr\/en\/#\/schema\/logo\/image\/"},"sameAs":["https:\/\/www.facebook.com\/VignoblesInvindia\/?locale=fr_FR"]}]}},"_links":{"self":[{"href":"https:\/\/invindia.fr\/en\/wp-json\/wp\/v2\/pages\/846","targetHints":{"allow":["GET"]}}],"collection":[{"href":"https:\/\/invindia.fr\/en\/wp-json\/wp\/v2\/pages"}],"about":[{"href":"https:\/\/invindia.fr\/en\/wp-json\/wp\/v2\/types\/page"}],"author":[{"embeddable":true,"href":"https:\/\/invindia.fr\/en\/wp-json\/wp\/v2\/users\/2"}],"replies":[{"embeddable":true,"href":"https:\/\/invindia.fr\/en\/wp-json\/wp\/v2\/comments?post=846"}],"version-history":[{"count":11,"href":"https:\/\/invindia.fr\/en\/wp-json\/wp\/v2\/pages\/846\/revisions"}],"predecessor-version":[{"id":4939,"href":"https:\/\/invindia.fr\/en\/wp-json\/wp\/v2\/pages\/846\/revisions\/4939"}],"wp:featuredmedia":[{"embeddable":true,"href":"https:\/\/invindia.fr\/en\/wp-json\/wp\/v2\/media\/2147"}],"wp:attachment":[{"href":"https:\/\/invindia.fr\/en\/wp-json\/wp\/v2\/media?parent=846"}],"curies":[{"name":"wp","href":"https:\/\/api.w.org\/{rel}","templated":true}]}}