{"id":844,"date":"2023-09-29T09:24:07","date_gmt":"2023-09-29T07:24:07","guid":{"rendered":"https:\/\/invindia.fr\/lexperience\/"},"modified":"2024-08-30T16:51:16","modified_gmt":"2024-08-30T14:51:16","slug":"lexperience","status":"publish","type":"page","link":"https:\/\/invindia.fr\/en\/lexperience\/","title":{"rendered":"L&#8217;Exp\u00e9rience \u0153notouristique"},"content":{"rendered":"\n<div style=\"height:100px\" aria-hidden=\"true\" class=\"wp-block-spacer\"><\/div>\n\n\n\n<div class=\"wp-block-columns is-layout-flex wp-container-core-columns-is-layout-28f84493 wp-block-columns-is-layout-flex\">\n<div class=\"wp-block-column block-intro is-layout-flow wp-block-column-is-layout-flow\">\n<h2 class=\"wp-block-heading h2-light has-noir-color has-text-color\">D\u00e9couvrez les vignobles Invindia <\/h2>\n\n\n\n<p>Partez \u00e0 la d\u00e9couverte de nos domaines \u00e0 travers deux exp\u00e9riences alliant vin, histoire et plaisir. D\u00e9couvrez Saint-\u00c9milion et les vins de Bordeaux le temps d\u2019un s\u00e9jour au sein de notre g\u00eete du <a href=\"https:\/\/www.chateauleconte.fr\/\">Ch\u00e2teau Le Conte<\/a> et profitez de nos chambres d&#8217;h\u00f4tes \u00e9quip\u00e9es et confortables dans un cadre unique. Venez d\u00e9couvrir nos vignobles au travers de diverses activit\u00e9s pour parfaire votre connaissance du vin, en apprendre plus sur notre philosophie et profiter d\u2019une d\u00e9gustation de nos plus belles cuv\u00e9es.<\/p>\n<\/div>\n<\/div>\n\n\n\n<div style=\"height:50px\" aria-hidden=\"true\" class=\"wp-block-spacer\"><\/div>\n\n\n<div class=\"block block-domains container-fluid\">\n\t<div>\n\t\t<div class=\"row domains-wrapper \">\n\t\t\t\t\t\t\t\t\t\t\t\t<div class=\"domain-item\" style=\"background-image:url(https:\/\/invindia.fr\/wp-content\/uploads\/2024\/08\/image_invindia-966.jpg)\">\n\t\t\t\t\t\t<div class=\"overlay-70\"><\/div>\n\t\t\t\t\t\t<a href=\"https:\/\/invindia.fr\/oenotourisme-bordeaux-vignobles-invindia\/\" class=\"overlay-link\"><\/a>\n\t\t\t\t\t\t<div class=\"d-flex x-y-center\">\n\t\t\t\t\t\t\t<span class=\"h2\">Wine Tour<\/span>\n\t\t\t\t\t\t\t<a href=\"https:\/\/invindia.fr\/oenotourisme-bordeaux-vignobles-invindia\/\" class=\"domain-more more\"><\/a>\n\t\t\t\t\t\t<\/div>\n\t\t\t\t\t<\/div>\n\t\t\t\t\t\t\t\t\t<div class=\"domain-item\" style=\"background-image:url(https:\/\/invindia.fr\/wp-content\/uploads\/2023\/11\/Gite-Saint-Emilion-51-scaled.jpg)\">\n\t\t\t\t\t\t<div class=\"overlay-70\"><\/div>\n\t\t\t\t\t\t<a href=\"https:\/\/invindia.fr\/en\/location-gites-saint-emilion-chateau-le-conte\/\" class=\"overlay-link\"><\/a>\n\t\t\t\t\t\t<div class=\"d-flex x-y-center\">\n\t\t\t\t\t\t\t<span class=\"h2\">Location <br>de g\u00eetes<\/span>\n\t\t\t\t\t\t\t<a href=\"https:\/\/invindia.fr\/en\/location-gites-saint-emilion-chateau-le-conte\/\" class=\"domain-more more\"><\/a>\n\t\t\t\t\t\t<\/div>\n\t\t\t\t\t<\/div>\n\t\t\t\t\t\t\t\t\t<\/div>\n\t<\/div>\n\n<\/div>\n\n\n\n<div style=\"height:50px\" aria-hidden=\"true\" class=\"wp-block-spacer\"><\/div>\n\n\n\n<div class=\"wp-block-columns is-layout-flex wp-container-core-columns-is-layout-28f84493 wp-block-columns-is-layout-flex\">\n<div class=\"wp-block-column block-intro is-layout-flow wp-block-column-is-layout-flow\">\n<h2 class=\"wp-block-heading h2-light has-noir-color has-text-color\">L&#8217;Exp\u00e9rience<\/h2>\n\n\n\n<p>En plus de notre g\u00eete, d\u00e9couvrez plus en profondeur nos domaines, nos vins et notre philosophie \u00e0 travers les diff\u00e9rentes activit\u00e9s autour du vin que nous vous proposons. D\u00e9couvrez <a href=\"https:\/\/invindia.fr\/domaines\/\">nos vignobles<\/a>, d\u00e9gustez nos diff\u00e9rentes cuv\u00e9es et apprenez en plus sur le m\u00e9tier de vigneron, les plus hardis pourront m\u00eame se mettre dans la peau d\u2019un \u0153nologue le temps d\u2019un atelier d\u2019assemblage.<\/p>\n<\/div>\n<\/div>\n","protected":false},"excerpt":{"rendered":"<p>D\u00e9couvrez les vignobles Invindia Partez \u00e0 la d\u00e9couverte de nos domaines \u00e0 travers deux exp\u00e9riences alliant vin, histoire et plaisir. D\u00e9couvrez Saint-\u00c9milion et les vins de Bordeaux le temps d\u2019un s\u00e9jour au sein de notre g\u00eete du Ch\u00e2teau Le Conte et profitez de nos chambres d&#8217;h\u00f4tes \u00e9quip\u00e9es et confortables dans un cadre unique. Venez d\u00e9couvrir [&hellip;]<\/p>\n","protected":false},"author":2,"featured_media":828,"parent":0,"menu_order":0,"comment_status":"closed","ping_status":"closed","template":"","meta":{"_acf_changed":false,"footnotes":""},"class_list":["post-844","page","type-page","status-publish","has-post-thumbnail","hentry"],"acf":[],"yoast_head":"<!-- This site is optimized with the Yoast SEO plugin v27.3 - https:\/\/yoast.com\/product\/yoast-seo-wordpress\/ -->\n<title>L&#039;Exp\u00e9rience \u0153notouristique - Invindia<\/title>\n<meta name=\"description\" content=\"D\u00e9couvrez les vins de Bordeaux \u00e0 travers nos offres \u0153notouristiques.\" \/>\n<meta name=\"robots\" content=\"index, follow, max-snippet:-1, max-image-preview:large, max-video-preview:-1\" \/>\n<link rel=\"canonical\" href=\"https:\/\/invindia.fr\/en\/lexperience\/\" \/>\n<meta property=\"og:locale\" content=\"en_US\" \/>\n<meta property=\"og:type\" content=\"article\" \/>\n<meta property=\"og:title\" content=\"L&#039;Exp\u00e9rience \u0153notouristique - Invindia\" \/>\n<meta property=\"og:description\" content=\"D\u00e9couvrez les vins de Bordeaux \u00e0 travers nos offres \u0153notouristiques.\" \/>\n<meta property=\"og:url\" content=\"https:\/\/invindia.fr\/en\/lexperience\/\" \/>\n<meta property=\"og:site_name\" content=\"Invindia\" \/>\n<meta property=\"article:publisher\" content=\"https:\/\/www.facebook.com\/VignoblesInvindia\/?locale=fr_FR\" \/>\n<meta property=\"article:modified_time\" content=\"2024-08-30T14:51:16+00:00\" \/>\n<meta property=\"og:image\" content=\"https:\/\/invindia.fr\/wp-content\/uploads\/2023\/10\/adn-1.jpg\" \/>\n\t<meta property=\"og:image:width\" content=\"300\" \/>\n\t<meta property=\"og:image:height\" content=\"735\" \/>\n\t<meta property=\"og:image:type\" content=\"image\/jpeg\" \/>\n<meta name=\"twitter:card\" content=\"summary_large_image\" \/>\n<meta name=\"twitter:label1\" content=\"Est. reading time\" \/>\n\t<meta name=\"twitter:data1\" content=\"1 minute\" \/>\n<script type=\"application\/ld+json\" class=\"yoast-schema-graph\">{\"@context\":\"https:\\\/\\\/schema.org\",\"@graph\":[{\"@type\":\"WebPage\",\"@id\":\"https:\\\/\\\/invindia.fr\\\/en\\\/lexperience\\\/\",\"url\":\"https:\\\/\\\/invindia.fr\\\/en\\\/lexperience\\\/\",\"name\":\"L'Exp\u00e9rience \u0153notouristique - Invindia\",\"isPartOf\":{\"@id\":\"https:\\\/\\\/invindia.fr\\\/en\\\/#website\"},\"primaryImageOfPage\":{\"@id\":\"https:\\\/\\\/invindia.fr\\\/en\\\/lexperience\\\/#primaryimage\"},\"image\":{\"@id\":\"https:\\\/\\\/invindia.fr\\\/en\\\/lexperience\\\/#primaryimage\"},\"thumbnailUrl\":\"https:\\\/\\\/invindia.fr\\\/wp-content\\\/uploads\\\/2023\\\/10\\\/adn-1.jpg\",\"datePublished\":\"2023-09-29T07:24:07+00:00\",\"dateModified\":\"2024-08-30T14:51:16+00:00\",\"description\":\"D\u00e9couvrez les vins de Bordeaux \u00e0 travers nos offres \u0153notouristiques.\",\"breadcrumb\":{\"@id\":\"https:\\\/\\\/invindia.fr\\\/en\\\/lexperience\\\/#breadcrumb\"},\"inLanguage\":\"en-US\",\"potentialAction\":[{\"@type\":\"ReadAction\",\"target\":[\"https:\\\/\\\/invindia.fr\\\/en\\\/lexperience\\\/\"]}]},{\"@type\":\"ImageObject\",\"inLanguage\":\"en-US\",\"@id\":\"https:\\\/\\\/invindia.fr\\\/en\\\/lexperience\\\/#primaryimage\",\"url\":\"https:\\\/\\\/invindia.fr\\\/wp-content\\\/uploads\\\/2023\\\/10\\\/adn-1.jpg\",\"contentUrl\":\"https:\\\/\\\/invindia.fr\\\/wp-content\\\/uploads\\\/2023\\\/10\\\/adn-1.jpg\",\"width\":300,\"height\":735,\"caption\":\"Invindia - ADN\"},{\"@type\":\"BreadcrumbList\",\"@id\":\"https:\\\/\\\/invindia.fr\\\/en\\\/lexperience\\\/#breadcrumb\",\"itemListElement\":[{\"@type\":\"ListItem\",\"position\":1,\"name\":\"Accueil\",\"item\":\"https:\\\/\\\/invindia.fr\\\/en\\\/\"},{\"@type\":\"ListItem\",\"position\":2,\"name\":\"L&rsquo;Exp\u00e9rience \u0153notouristique\"}]},{\"@type\":\"WebSite\",\"@id\":\"https:\\\/\\\/invindia.fr\\\/en\\\/#website\",\"url\":\"https:\\\/\\\/invindia.fr\\\/en\\\/\",\"name\":\"Invindia\",\"description\":\"Vignerons bordelais et cr\u00e9ateurs de moments de partage\",\"publisher\":{\"@id\":\"https:\\\/\\\/invindia.fr\\\/en\\\/#organization\"},\"potentialAction\":[{\"@type\":\"SearchAction\",\"target\":{\"@type\":\"EntryPoint\",\"urlTemplate\":\"https:\\\/\\\/invindia.fr\\\/en\\\/?s={search_term_string}\"},\"query-input\":{\"@type\":\"PropertyValueSpecification\",\"valueRequired\":true,\"valueName\":\"search_term_string\"}}],\"inLanguage\":\"en-US\"},{\"@type\":\"Organization\",\"@id\":\"https:\\\/\\\/invindia.fr\\\/en\\\/#organization\",\"name\":\"Vignoble Invindia\",\"alternateName\":\"Invindia\",\"url\":\"https:\\\/\\\/invindia.fr\\\/en\\\/\",\"logo\":{\"@type\":\"ImageObject\",\"inLanguage\":\"en-US\",\"@id\":\"https:\\\/\\\/invindia.fr\\\/en\\\/#\\\/schema\\\/logo\\\/image\\\/\",\"url\":\"https:\\\/\\\/invindia.fr\\\/wp-content\\\/uploads\\\/2023\\\/09\\\/INVIDIA_LOGO2023.png\",\"contentUrl\":\"https:\\\/\\\/invindia.fr\\\/wp-content\\\/uploads\\\/2023\\\/09\\\/INVIDIA_LOGO2023.png\",\"width\":299,\"height\":150,\"caption\":\"Vignoble Invindia\"},\"image\":{\"@id\":\"https:\\\/\\\/invindia.fr\\\/en\\\/#\\\/schema\\\/logo\\\/image\\\/\"},\"sameAs\":[\"https:\\\/\\\/www.facebook.com\\\/VignoblesInvindia\\\/?locale=fr_FR\"]}]}<\/script>\n<!-- \/ Yoast SEO plugin. -->","yoast_head_json":{"title":"L'Exp\u00e9rience \u0153notouristique - Invindia","description":"D\u00e9couvrez les vins de Bordeaux \u00e0 travers nos offres \u0153notouristiques.","robots":{"index":"index","follow":"follow","max-snippet":"max-snippet:-1","max-image-preview":"max-image-preview:large","max-video-preview":"max-video-preview:-1"},"canonical":"https:\/\/invindia.fr\/en\/lexperience\/","og_locale":"en_US","og_type":"article","og_title":"L'Exp\u00e9rience \u0153notouristique - Invindia","og_description":"D\u00e9couvrez les vins de Bordeaux \u00e0 travers nos offres \u0153notouristiques.","og_url":"https:\/\/invindia.fr\/en\/lexperience\/","og_site_name":"Invindia","article_publisher":"https:\/\/www.facebook.com\/VignoblesInvindia\/?locale=fr_FR","article_modified_time":"2024-08-30T14:51:16+00:00","og_image":[{"width":300,"height":735,"url":"https:\/\/invindia.fr\/wp-content\/uploads\/2023\/10\/adn-1.jpg","type":"image\/jpeg"}],"twitter_card":"summary_large_image","twitter_misc":{"Est. reading time":"1 minute"},"schema":{"@context":"https:\/\/schema.org","@graph":[{"@type":"WebPage","@id":"https:\/\/invindia.fr\/en\/lexperience\/","url":"https:\/\/invindia.fr\/en\/lexperience\/","name":"L'Exp\u00e9rience \u0153notouristique - Invindia","isPartOf":{"@id":"https:\/\/invindia.fr\/en\/#website"},"primaryImageOfPage":{"@id":"https:\/\/invindia.fr\/en\/lexperience\/#primaryimage"},"image":{"@id":"https:\/\/invindia.fr\/en\/lexperience\/#primaryimage"},"thumbnailUrl":"https:\/\/invindia.fr\/wp-content\/uploads\/2023\/10\/adn-1.jpg","datePublished":"2023-09-29T07:24:07+00:00","dateModified":"2024-08-30T14:51:16+00:00","description":"D\u00e9couvrez les vins de Bordeaux \u00e0 travers nos offres \u0153notouristiques.","breadcrumb":{"@id":"https:\/\/invindia.fr\/en\/lexperience\/#breadcrumb"},"inLanguage":"en-US","potentialAction":[{"@type":"ReadAction","target":["https:\/\/invindia.fr\/en\/lexperience\/"]}]},{"@type":"ImageObject","inLanguage":"en-US","@id":"https:\/\/invindia.fr\/en\/lexperience\/#primaryimage","url":"https:\/\/invindia.fr\/wp-content\/uploads\/2023\/10\/adn-1.jpg","contentUrl":"https:\/\/invindia.fr\/wp-content\/uploads\/2023\/10\/adn-1.jpg","width":300,"height":735,"caption":"Invindia - ADN"},{"@type":"BreadcrumbList","@id":"https:\/\/invindia.fr\/en\/lexperience\/#breadcrumb","itemListElement":[{"@type":"ListItem","position":1,"name":"Accueil","item":"https:\/\/invindia.fr\/en\/"},{"@type":"ListItem","position":2,"name":"L&rsquo;Exp\u00e9rience \u0153notouristique"}]},{"@type":"WebSite","@id":"https:\/\/invindia.fr\/en\/#website","url":"https:\/\/invindia.fr\/en\/","name":"Invindia","description":"Vignerons bordelais et cr\u00e9ateurs de moments de partage","publisher":{"@id":"https:\/\/invindia.fr\/en\/#organization"},"potentialAction":[{"@type":"SearchAction","target":{"@type":"EntryPoint","urlTemplate":"https:\/\/invindia.fr\/en\/?s={search_term_string}"},"query-input":{"@type":"PropertyValueSpecification","valueRequired":true,"valueName":"search_term_string"}}],"inLanguage":"en-US"},{"@type":"Organization","@id":"https:\/\/invindia.fr\/en\/#organization","name":"Vignoble Invindia","alternateName":"Invindia","url":"https:\/\/invindia.fr\/en\/","logo":{"@type":"ImageObject","inLanguage":"en-US","@id":"https:\/\/invindia.fr\/en\/#\/schema\/logo\/image\/","url":"https:\/\/invindia.fr\/wp-content\/uploads\/2023\/09\/INVIDIA_LOGO2023.png","contentUrl":"https:\/\/invindia.fr\/wp-content\/uploads\/2023\/09\/INVIDIA_LOGO2023.png","width":299,"height":150,"caption":"Vignoble Invindia"},"image":{"@id":"https:\/\/invindia.fr\/en\/#\/schema\/logo\/image\/"},"sameAs":["https:\/\/www.facebook.com\/VignoblesInvindia\/?locale=fr_FR"]}]}},"_links":{"self":[{"href":"https:\/\/invindia.fr\/en\/wp-json\/wp\/v2\/pages\/844","targetHints":{"allow":["GET"]}}],"collection":[{"href":"https:\/\/invindia.fr\/en\/wp-json\/wp\/v2\/pages"}],"about":[{"href":"https:\/\/invindia.fr\/en\/wp-json\/wp\/v2\/types\/page"}],"author":[{"embeddable":true,"href":"https:\/\/invindia.fr\/en\/wp-json\/wp\/v2\/users\/2"}],"replies":[{"embeddable":true,"href":"https:\/\/invindia.fr\/en\/wp-json\/wp\/v2\/comments?post=844"}],"version-history":[{"count":4,"href":"https:\/\/invindia.fr\/en\/wp-json\/wp\/v2\/pages\/844\/revisions"}],"predecessor-version":[{"id":4564,"href":"https:\/\/invindia.fr\/en\/wp-json\/wp\/v2\/pages\/844\/revisions\/4564"}],"wp:featuredmedia":[{"embeddable":true,"href":"https:\/\/invindia.fr\/en\/wp-json\/wp\/v2\/media\/828"}],"wp:attachment":[{"href":"https:\/\/invindia.fr\/en\/wp-json\/wp\/v2\/media?parent=844"}],"curies":[{"name":"wp","href":"https:\/\/api.w.org\/{rel}","templated":true}]}}