{"id":834,"date":"2023-09-26T15:11:47","date_gmt":"2023-09-26T13:11:47","guid":{"rendered":"https:\/\/invindia.fr\/a-votre-ecoute\/"},"modified":"2024-10-22T14:55:19","modified_gmt":"2024-10-22T12:55:19","slug":"a-votre-ecoute","status":"publish","type":"page","link":"https:\/\/invindia.fr\/en\/a-votre-ecoute\/","title":{"rendered":"At your service&#8230;"},"content":{"rendered":"\n<div style=\"height:70px\" aria-hidden=\"true\" class=\"wp-block-spacer\"><\/div>\n\n\n\n<p class=\"has-text-align-center\"><\/p>\n\n\n\n<div style=\"height:70px\" aria-hidden=\"true\" class=\"wp-block-spacer\"><\/div>\n\n\n\n<div class=\"arrow-down d-flex x-y-center\"><a href=\"#block-contact\" class=\"btn-btt\">\n\t\t\t\t<div class=\"totop\"><\/div>\n\t\t\t<\/a><\/div>\n\n\n\n<div style=\"height:70px\" aria-hidden=\"true\" class=\"wp-block-spacer\"><\/div>\n\n\n\n<div class=\"wp-block-columns alignfull is-layout-flex wp-container-core-columns-is-layout-28f84493 wp-block-columns-is-layout-flex\">\n<div class=\"wp-block-column is-layout-flow wp-block-column-is-layout-flow\"><section id=\"block-contact\" class=\"block block-contact  d-flex x-y-center\">\n\t<div class=\"inner pastille\">\n\t\t\n<div class=\"wpcf7 no-js\" id=\"wpcf7-f835-o1\" lang=\"en-US\" dir=\"ltr\" data-wpcf7-id=\"835\">\n<div class=\"screen-reader-response\"><p role=\"status\" aria-live=\"polite\" aria-atomic=\"true\"><\/p> <ul><\/ul><\/div>\n<form action=\"\/en\/wp-json\/wp\/v2\/pages\/834#wpcf7-f835-o1\" method=\"post\" class=\"wpcf7-form init\" aria-label=\"Contact form\" novalidate=\"novalidate\" data-status=\"init\">\n<fieldset class=\"hidden-fields-container\"><input type=\"hidden\" name=\"_wpcf7\" value=\"835\" \/><input type=\"hidden\" name=\"_wpcf7_version\" value=\"6.1.5\" \/><input type=\"hidden\" name=\"_wpcf7_locale\" value=\"en_US\" \/><input type=\"hidden\" name=\"_wpcf7_unit_tag\" value=\"wpcf7-f835-o1\" \/><input type=\"hidden\" name=\"_wpcf7_container_post\" value=\"0\" \/><input type=\"hidden\" name=\"_wpcf7_posted_data_hash\" value=\"\" \/><input type=\"hidden\" name=\"_wpcf7_recaptcha_response\" value=\"\" \/>\n<\/fieldset>\n<div class=\"formulaire_container\">\n<div class=\"row\">\n    <div class=\"col-12\">\n        <label>Nom <span class=\"wpcf7-form-control-wrap\" data-name=\"your-name\"><input size=\"40\" maxlength=\"400\" class=\"wpcf7-form-control wpcf7-text wpcf7-validates-as-required\" aria-required=\"true\" aria-invalid=\"false\" value=\"\" type=\"text\" name=\"your-name\" \/><\/span> <\/label>\n    <\/div>\n\n    <div class=\"col-12\">\n        <label>Pr\u00e9nom\n        <span class=\"wpcf7-form-control-wrap\" data-name=\"your-surname\"><input size=\"40\" maxlength=\"400\" class=\"wpcf7-form-control wpcf7-text wpcf7-validates-as-required\" aria-required=\"true\" aria-invalid=\"false\" value=\"\" type=\"text\" name=\"your-surname\" \/><\/span> <\/label>\n    <\/div>\n    <div class=\"col-12\">\n        <label>T\u00e9l\u00e9phone\n            <span class=\"wpcf7-form-control-wrap\" data-name=\"your-phone\"><input size=\"40\" maxlength=\"400\" class=\"wpcf7-form-control wpcf7-tel wpcf7-validates-as-required wpcf7-text wpcf7-validates-as-tel\" aria-required=\"true\" aria-invalid=\"false\" placeholder=\"\" value=\"\" type=\"tel\" name=\"your-phone\" \/><\/span><\/label>\n    <\/div>\n<div class=\"col-12\"><label>Adresse <span class=\"wpcf7-form-control-wrap\" data-name=\"your-address\"><input size=\"40\" maxlength=\"400\" class=\"wpcf7-form-control wpcf7-text wpcf7-validates-as-required\" aria-required=\"true\" aria-invalid=\"false\" placeholder=\"\" value=\"\" type=\"text\" name=\"your-address\" \/><\/span><\/label><\/div>\n\n    <div class=\"col-12\">\n        <label>E-mail <span class=\"wpcf7-form-control-wrap\" data-name=\"your-email\"><input size=\"40\" maxlength=\"400\" class=\"wpcf7-form-control wpcf7-email wpcf7-validates-as-required wpcf7-text wpcf7-validates-as-email\" aria-required=\"true\" aria-invalid=\"false\" value=\"\" type=\"email\" name=\"your-email\" \/><\/span><\/label>\n    <\/div>\n    <div class=\"col-12\">\n<label> Je suis ...\n        <span class=\"wpcf7-form-control-wrap\" data-name=\"menu-455\"><select class=\"wpcf7-form-control wpcf7-select\" aria-invalid=\"false\" name=\"menu-455\"><option value=\"S\u00e9lectionner votre profil\">S\u00e9lectionner votre profil<\/option><option value=\"Particulier\">Particulier<\/option><option value=\"Distributeur France\">Distributeur France<\/option><option value=\"Distributeur hors France\">Distributeur hors France<\/option><option value=\"CHR\">CHR<\/option><option value=\"Autre\">Autre<\/option><\/select><\/span><\/label>\n    <\/div>\n    <div class=\"col-12\">\n<label> Sujet\n        <span class=\"wpcf7-form-control-wrap\" data-name=\"menu-456\"><select class=\"wpcf7-form-control wpcf7-select\" aria-invalid=\"false\" name=\"menu-456\"><option value=\"S\u00e9lectionner votre sujet\">S\u00e9lectionner votre sujet<\/option><option value=\"Demande d&#039;informations\">Demande d&#039;informations<\/option><option value=\"Commande\">Commande<\/option><option value=\"Partenariat\">Partenariat<\/option><option value=\"Candidature\">Candidature<\/option><option value=\"Autre\">Autre<\/option><\/select><\/span><\/label>\n    <\/div>\n    <div class=\"col-12\"><label> Message\n        <span class=\"wpcf7-form-control-wrap\" data-name=\"your-message\"><textarea cols=\"40\" rows=\"10\" maxlength=\"2000\" class=\"wpcf7-form-control wpcf7-textarea wpcf7-validates-as-required\" aria-required=\"true\" aria-invalid=\"false\" name=\"your-message\"><\/textarea><\/span><\/label><\/div>\n\n<\/div>\n\n\n<span class=\"wpcf7-form-control-wrap\" data-name=\"your-consent\"><span class=\"wpcf7-form-control wpcf7-acceptance\"><span class=\"wpcf7-list-item\"><label><input type=\"checkbox\" name=\"your-consent\" value=\"1\" class=\"rgpd\" aria-invalid=\"false\" \/><span class=\"wpcf7-list-item-label\">En cochant cette case, vous accordez l'utilisation de vos donn\u00e9es personnelles par Invindia pour le traitement de votre demande. Vous disposez d'un droit d'acc\u00e8s, de rectification ou de suppression de ces donn\u00e9es. Pour en savoir plus, <a href=\"..\/politique-de-confidentialite\/\">cliquez ici<\/a><\/span><\/label><\/span><\/span><\/span>\n    <div id=\"formSubmit\" class=\"row\"><div class=\"col-12\"><input class=\"wpcf7-form-control wpcf7-submit has-spinner\" id=\"formSubmit\" type=\"submit\" value=\"Envoyer\" \/><\/div><\/div>\n<\/div><div class=\"wpcf7-response-output\" aria-hidden=\"true\"><\/div>\n<\/form>\n<\/div>\n\n\t<\/div>\n<\/section>\n<\/div>\n<\/div>\n","protected":false},"excerpt":{"rendered":"","protected":false},"author":2,"featured_media":985,"parent":0,"menu_order":0,"comment_status":"closed","ping_status":"closed","template":"","meta":{"_acf_changed":false,"footnotes":""},"class_list":["post-834","page","type-page","status-publish","has-post-thumbnail","hentry"],"acf":[],"yoast_head":"<!-- This site is optimized with the Yoast SEO plugin v27.3 - https:\/\/yoast.com\/product\/yoast-seo-wordpress\/ -->\n<title>At your service... - Invindia<\/title>\n<meta name=\"robots\" content=\"index, follow, max-snippet:-1, max-image-preview:large, max-video-preview:-1\" \/>\n<link rel=\"canonical\" href=\"https:\/\/invindia.fr\/en\/a-votre-ecoute\/\" \/>\n<meta property=\"og:locale\" content=\"en_US\" \/>\n<meta property=\"og:type\" content=\"article\" \/>\n<meta property=\"og:title\" content=\"At your service... - Invindia\" \/>\n<meta property=\"og:url\" content=\"https:\/\/invindia.fr\/en\/a-votre-ecoute\/\" \/>\n<meta property=\"og:site_name\" content=\"Invindia\" \/>\n<meta property=\"article:publisher\" content=\"https:\/\/www.facebook.com\/VignoblesInvindia\/?locale=fr_FR\" \/>\n<meta property=\"article:modified_time\" content=\"2024-10-22T12:55:19+00:00\" \/>\n<meta property=\"og:image\" content=\"https:\/\/invindia.fr\/wp-content\/uploads\/2023\/11\/invindia-contact.jpg\" \/>\n\t<meta property=\"og:image:width\" content=\"1920\" \/>\n\t<meta property=\"og:image:height\" content=\"838\" \/>\n\t<meta property=\"og:image:type\" content=\"image\/jpeg\" \/>\n<meta name=\"twitter:card\" content=\"summary_large_image\" \/>\n<meta name=\"twitter:label1\" content=\"Est. reading time\" \/>\n\t<meta name=\"twitter:data1\" content=\"1 minute\" \/>\n<script type=\"application\/ld+json\" class=\"yoast-schema-graph\">{\"@context\":\"https:\\\/\\\/schema.org\",\"@graph\":[{\"@type\":\"WebPage\",\"@id\":\"https:\\\/\\\/invindia.fr\\\/en\\\/a-votre-ecoute\\\/\",\"url\":\"https:\\\/\\\/invindia.fr\\\/en\\\/a-votre-ecoute\\\/\",\"name\":\"At your service... - Invindia\",\"isPartOf\":{\"@id\":\"https:\\\/\\\/invindia.fr\\\/en\\\/#website\"},\"primaryImageOfPage\":{\"@id\":\"https:\\\/\\\/invindia.fr\\\/en\\\/a-votre-ecoute\\\/#primaryimage\"},\"image\":{\"@id\":\"https:\\\/\\\/invindia.fr\\\/en\\\/a-votre-ecoute\\\/#primaryimage\"},\"thumbnailUrl\":\"https:\\\/\\\/invindia.fr\\\/wp-content\\\/uploads\\\/2023\\\/11\\\/invindia-contact.jpg\",\"datePublished\":\"2023-09-26T13:11:47+00:00\",\"dateModified\":\"2024-10-22T12:55:19+00:00\",\"breadcrumb\":{\"@id\":\"https:\\\/\\\/invindia.fr\\\/en\\\/a-votre-ecoute\\\/#breadcrumb\"},\"inLanguage\":\"en-US\",\"potentialAction\":[{\"@type\":\"ReadAction\",\"target\":[\"https:\\\/\\\/invindia.fr\\\/en\\\/a-votre-ecoute\\\/\"]}]},{\"@type\":\"ImageObject\",\"inLanguage\":\"en-US\",\"@id\":\"https:\\\/\\\/invindia.fr\\\/en\\\/a-votre-ecoute\\\/#primaryimage\",\"url\":\"https:\\\/\\\/invindia.fr\\\/wp-content\\\/uploads\\\/2023\\\/11\\\/invindia-contact.jpg\",\"contentUrl\":\"https:\\\/\\\/invindia.fr\\\/wp-content\\\/uploads\\\/2023\\\/11\\\/invindia-contact.jpg\",\"width\":1920,\"height\":838,\"caption\":\"Contact - Invindia\"},{\"@type\":\"BreadcrumbList\",\"@id\":\"https:\\\/\\\/invindia.fr\\\/en\\\/a-votre-ecoute\\\/#breadcrumb\",\"itemListElement\":[{\"@type\":\"ListItem\",\"position\":1,\"name\":\"Accueil\",\"item\":\"https:\\\/\\\/invindia.fr\\\/en\\\/\"},{\"@type\":\"ListItem\",\"position\":2,\"name\":\"At your service&#8230;\"}]},{\"@type\":\"WebSite\",\"@id\":\"https:\\\/\\\/invindia.fr\\\/en\\\/#website\",\"url\":\"https:\\\/\\\/invindia.fr\\\/en\\\/\",\"name\":\"Invindia\",\"description\":\"Vignerons bordelais et cr\u00e9ateurs de moments de partage\",\"publisher\":{\"@id\":\"https:\\\/\\\/invindia.fr\\\/en\\\/#organization\"},\"potentialAction\":[{\"@type\":\"SearchAction\",\"target\":{\"@type\":\"EntryPoint\",\"urlTemplate\":\"https:\\\/\\\/invindia.fr\\\/en\\\/?s={search_term_string}\"},\"query-input\":{\"@type\":\"PropertyValueSpecification\",\"valueRequired\":true,\"valueName\":\"search_term_string\"}}],\"inLanguage\":\"en-US\"},{\"@type\":\"Organization\",\"@id\":\"https:\\\/\\\/invindia.fr\\\/en\\\/#organization\",\"name\":\"Vignoble Invindia\",\"alternateName\":\"Invindia\",\"url\":\"https:\\\/\\\/invindia.fr\\\/en\\\/\",\"logo\":{\"@type\":\"ImageObject\",\"inLanguage\":\"en-US\",\"@id\":\"https:\\\/\\\/invindia.fr\\\/en\\\/#\\\/schema\\\/logo\\\/image\\\/\",\"url\":\"https:\\\/\\\/invindia.fr\\\/wp-content\\\/uploads\\\/2023\\\/09\\\/INVIDIA_LOGO2023.png\",\"contentUrl\":\"https:\\\/\\\/invindia.fr\\\/wp-content\\\/uploads\\\/2023\\\/09\\\/INVIDIA_LOGO2023.png\",\"width\":299,\"height\":150,\"caption\":\"Vignoble Invindia\"},\"image\":{\"@id\":\"https:\\\/\\\/invindia.fr\\\/en\\\/#\\\/schema\\\/logo\\\/image\\\/\"},\"sameAs\":[\"https:\\\/\\\/www.facebook.com\\\/VignoblesInvindia\\\/?locale=fr_FR\"]}]}<\/script>\n<!-- \/ Yoast SEO plugin. -->","yoast_head_json":{"title":"At your service... - Invindia","robots":{"index":"index","follow":"follow","max-snippet":"max-snippet:-1","max-image-preview":"max-image-preview:large","max-video-preview":"max-video-preview:-1"},"canonical":"https:\/\/invindia.fr\/en\/a-votre-ecoute\/","og_locale":"en_US","og_type":"article","og_title":"At your service... - Invindia","og_url":"https:\/\/invindia.fr\/en\/a-votre-ecoute\/","og_site_name":"Invindia","article_publisher":"https:\/\/www.facebook.com\/VignoblesInvindia\/?locale=fr_FR","article_modified_time":"2024-10-22T12:55:19+00:00","og_image":[{"width":1920,"height":838,"url":"https:\/\/invindia.fr\/wp-content\/uploads\/2023\/11\/invindia-contact.jpg","type":"image\/jpeg"}],"twitter_card":"summary_large_image","twitter_misc":{"Est. reading time":"1 minute"},"schema":{"@context":"https:\/\/schema.org","@graph":[{"@type":"WebPage","@id":"https:\/\/invindia.fr\/en\/a-votre-ecoute\/","url":"https:\/\/invindia.fr\/en\/a-votre-ecoute\/","name":"At your service... - Invindia","isPartOf":{"@id":"https:\/\/invindia.fr\/en\/#website"},"primaryImageOfPage":{"@id":"https:\/\/invindia.fr\/en\/a-votre-ecoute\/#primaryimage"},"image":{"@id":"https:\/\/invindia.fr\/en\/a-votre-ecoute\/#primaryimage"},"thumbnailUrl":"https:\/\/invindia.fr\/wp-content\/uploads\/2023\/11\/invindia-contact.jpg","datePublished":"2023-09-26T13:11:47+00:00","dateModified":"2024-10-22T12:55:19+00:00","breadcrumb":{"@id":"https:\/\/invindia.fr\/en\/a-votre-ecoute\/#breadcrumb"},"inLanguage":"en-US","potentialAction":[{"@type":"ReadAction","target":["https:\/\/invindia.fr\/en\/a-votre-ecoute\/"]}]},{"@type":"ImageObject","inLanguage":"en-US","@id":"https:\/\/invindia.fr\/en\/a-votre-ecoute\/#primaryimage","url":"https:\/\/invindia.fr\/wp-content\/uploads\/2023\/11\/invindia-contact.jpg","contentUrl":"https:\/\/invindia.fr\/wp-content\/uploads\/2023\/11\/invindia-contact.jpg","width":1920,"height":838,"caption":"Contact - Invindia"},{"@type":"BreadcrumbList","@id":"https:\/\/invindia.fr\/en\/a-votre-ecoute\/#breadcrumb","itemListElement":[{"@type":"ListItem","position":1,"name":"Accueil","item":"https:\/\/invindia.fr\/en\/"},{"@type":"ListItem","position":2,"name":"At your service&#8230;"}]},{"@type":"WebSite","@id":"https:\/\/invindia.fr\/en\/#website","url":"https:\/\/invindia.fr\/en\/","name":"Invindia","description":"Vignerons bordelais et cr\u00e9ateurs de moments de partage","publisher":{"@id":"https:\/\/invindia.fr\/en\/#organization"},"potentialAction":[{"@type":"SearchAction","target":{"@type":"EntryPoint","urlTemplate":"https:\/\/invindia.fr\/en\/?s={search_term_string}"},"query-input":{"@type":"PropertyValueSpecification","valueRequired":true,"valueName":"search_term_string"}}],"inLanguage":"en-US"},{"@type":"Organization","@id":"https:\/\/invindia.fr\/en\/#organization","name":"Vignoble Invindia","alternateName":"Invindia","url":"https:\/\/invindia.fr\/en\/","logo":{"@type":"ImageObject","inLanguage":"en-US","@id":"https:\/\/invindia.fr\/en\/#\/schema\/logo\/image\/","url":"https:\/\/invindia.fr\/wp-content\/uploads\/2023\/09\/INVIDIA_LOGO2023.png","contentUrl":"https:\/\/invindia.fr\/wp-content\/uploads\/2023\/09\/INVIDIA_LOGO2023.png","width":299,"height":150,"caption":"Vignoble Invindia"},"image":{"@id":"https:\/\/invindia.fr\/en\/#\/schema\/logo\/image\/"},"sameAs":["https:\/\/www.facebook.com\/VignoblesInvindia\/?locale=fr_FR"]}]}},"_links":{"self":[{"href":"https:\/\/invindia.fr\/en\/wp-json\/wp\/v2\/pages\/834","targetHints":{"allow":["GET"]}}],"collection":[{"href":"https:\/\/invindia.fr\/en\/wp-json\/wp\/v2\/pages"}],"about":[{"href":"https:\/\/invindia.fr\/en\/wp-json\/wp\/v2\/types\/page"}],"author":[{"embeddable":true,"href":"https:\/\/invindia.fr\/en\/wp-json\/wp\/v2\/users\/2"}],"replies":[{"embeddable":true,"href":"https:\/\/invindia.fr\/en\/wp-json\/wp\/v2\/comments?post=834"}],"version-history":[{"count":1,"href":"https:\/\/invindia.fr\/en\/wp-json\/wp\/v2\/pages\/834\/revisions"}],"predecessor-version":[{"id":2414,"href":"https:\/\/invindia.fr\/en\/wp-json\/wp\/v2\/pages\/834\/revisions\/2414"}],"wp:featuredmedia":[{"embeddable":true,"href":"https:\/\/invindia.fr\/en\/wp-json\/wp\/v2\/media\/985"}],"wp:attachment":[{"href":"https:\/\/invindia.fr\/en\/wp-json\/wp\/v2\/media?parent=834"}],"curies":[{"name":"wp","href":"https:\/\/api.w.org\/{rel}","templated":true}]}}